{"id":3696,"date":"2020-04-28T10:58:49","date_gmt":"2020-04-28T10:58:49","guid":{"rendered":"https:\/\/www.grupomedano.com\/wer-wir-sind\/"},"modified":"2024-12-09T16:56:53","modified_gmt":"2024-12-09T16:56:53","slug":"wer-wir-sind","status":"publish","type":"page","link":"https:\/\/www.grupomedano.com\/de\/wer-wir-sind\/","title":{"rendered":"Wer wir sind"},"content":{"rendered":"\t\t<div data-elementor-type=\"wp-page\" data-elementor-id=\"3696\" class=\"elementor elementor-3696 elementor-779\" data-elementor-post-type=\"page\">\n\t\t\t\t\t\t<section class=\"elementor-section elementor-top-section elementor-element elementor-element-22264d5 elementor-section-stretched elementor-section-boxed elementor-section-height-default elementor-section-height-default\" data-id=\"22264d5\" data-element_type=\"section\" data-e-type=\"section\" data-settings=\"{&quot;stretch_section&quot;:&quot;section-stretched&quot;,&quot;background_background&quot;:&quot;classic&quot;}\">\n\t\t\t\t\t\t\t<div class=\"elementor-background-overlay\"><\/div>\n\t\t\t\t\t\t\t<div class=\"elementor-container elementor-column-gap-default\">\n\t\t\t\t\t<div class=\"elementor-column elementor-col-100 elementor-top-column elementor-element elementor-element-0601286\" data-id=\"0601286\" data-element_type=\"column\" data-e-type=\"column\">\n\t\t\t<div class=\"elementor-widget-wrap elementor-element-populated\">\n\t\t\t\t\t\t<div class=\"elementor-element elementor-element-146a0a6 elementor-widget elementor-widget-heading\" data-id=\"146a0a6\" data-element_type=\"widget\" data-e-type=\"widget\" data-widget_type=\"heading.default\">\n\t\t\t\t<div class=\"elementor-widget-container\">\n\t\t\t\t\t<h1 class=\"elementor-heading-title elementor-size-default\">Wer wir sind<\/h1>\t\t\t\t<\/div>\n\t\t\t\t<\/div>\n\t\t\t\t\t<\/div>\n\t\t<\/div>\n\t\t\t\t\t<\/div>\n\t\t<\/section>\n\t\t\t\t<section class=\"elementor-section elementor-top-section elementor-element elementor-element-b85f478 elementor-section-boxed elementor-section-height-default elementor-section-height-default\" data-id=\"b85f478\" data-element_type=\"section\" data-e-type=\"section\" data-settings=\"{&quot;background_background&quot;:&quot;classic&quot;}\">\n\t\t\t\t\t\t<div class=\"elementor-container elementor-column-gap-default\">\n\t\t\t\t\t<div class=\"elementor-column elementor-col-50 elementor-top-column elementor-element elementor-element-0a75819\" data-id=\"0a75819\" data-element_type=\"column\" data-e-type=\"column\">\n\t\t\t<div class=\"elementor-widget-wrap elementor-element-populated\">\n\t\t\t\t\t\t<div class=\"elementor-element elementor-element-383d737 elementor-widget elementor-widget-heading\" data-id=\"383d737\" data-element_type=\"widget\" data-e-type=\"widget\" data-widget_type=\"heading.default\">\n\t\t\t\t<div class=\"elementor-widget-container\">\n\t\t\t\t\t<h2 class=\"elementor-heading-title elementor-size-default\">Mehr als 25 Jahre Erfahrung<\/h2>\t\t\t\t<\/div>\n\t\t\t\t<\/div>\n\t\t\t\t<div class=\"elementor-element elementor-element-b32c55f elementor-widget-divider--view-line elementor-widget elementor-widget-divider\" data-id=\"b32c55f\" data-element_type=\"widget\" data-e-type=\"widget\" data-widget_type=\"divider.default\">\n\t\t\t\t<div class=\"elementor-widget-container\">\n\t\t\t\t\t\t\t<div class=\"elementor-divider\">\n\t\t\t<span class=\"elementor-divider-separator\">\n\t\t\t\t\t\t<\/span>\n\t\t<\/div>\n\t\t\t\t\t\t<\/div>\n\t\t\t\t<\/div>\n\t\t\t\t<div class=\"elementor-element elementor-element-bb06dc1 elementor-widget elementor-widget-text-editor\" data-id=\"bb06dc1\" data-element_type=\"widget\" data-e-type=\"widget\" data-widget_type=\"text-editor.default\">\n\t\t\t\t<div class=\"elementor-widget-container\">\n\t\t\t\t\t\t\t\t\t<p>Wir sind eine Unternehmensgruppe, die sich aus Baufachleuten zusammensetzt, die sich auf die Ausf\u00fchrung aller Arten von architektonischen und innenarchitektonischen Projekten spezialisiert haben und \u00fcber mehr als 25 Jahre Erfahrung in diesem Bereich verf\u00fcgen.<\/p>\n<p>Als Bauunternehmen f\u00fchren wir den Bau von neuen H\u00e4usern, den Bau von Geb\u00e4uden, Villen, Villen und Urbanisierungsarbeiten durch.<\/p>\n<p>Im Bereich Restaurierung und Reformen sind wir ein Unternehmen mit umfangreicher Erfahrung bei umfassenden Reformen von Hotels, Geb\u00e4uden und allen Arten von Wohnkomplexen.<\/p>\n\t\t\t\t\t\t\t\t<\/div>\n\t\t\t\t<\/div>\n\t\t\t\t\t<\/div>\n\t\t<\/div>\n\t\t\t\t<div class=\"elementor-column elementor-col-50 elementor-top-column elementor-element elementor-element-64ddc0a\" data-id=\"64ddc0a\" data-element_type=\"column\" data-e-type=\"column\">\n\t\t\t<div class=\"elementor-widget-wrap elementor-element-populated\">\n\t\t\t\t\t\t<div class=\"elementor-element elementor-element-8ce2afc elementor-widget elementor-widget-image\" data-id=\"8ce2afc\" data-element_type=\"widget\" data-e-type=\"widget\" data-widget_type=\"image.default\">\n\t\t\t\t<div class=\"elementor-widget-container\">\n\t\t\t\t\t\t\t\t\t\t\t\t\t\t\t<img fetchpriority=\"high\" decoding=\"async\" width=\"520\" height=\"520\" src=\"https:\/\/www.grupomedano.com\/wp-content\/uploads\/2020\/05\/oficina-grupo-medano.jpg\" class=\"attachment-large size-large wp-image-3186\" alt=\"\" srcset=\"https:\/\/www.grupomedano.com\/wp-content\/uploads\/2020\/05\/oficina-grupo-medano.jpg 520w, https:\/\/www.grupomedano.com\/wp-content\/uploads\/2020\/05\/oficina-grupo-medano-300x300.jpg 300w, https:\/\/www.grupomedano.com\/wp-content\/uploads\/2020\/05\/oficina-grupo-medano-150x150.jpg 150w, https:\/\/www.grupomedano.com\/wp-content\/uploads\/2020\/05\/oficina-grupo-medano-75x75.jpg 75w\" sizes=\"(max-width: 520px) 100vw, 520px\" \/>\t\t\t\t\t\t\t\t\t\t\t\t\t\t\t<\/div>\n\t\t\t\t<\/div>\n\t\t\t\t\t<\/div>\n\t\t<\/div>\n\t\t\t\t\t<\/div>\n\t\t<\/section>\n\t\t<div class=\"elementor-element elementor-element-9e782b8 e-flex e-con-boxed e-con e-parent\" data-id=\"9e782b8\" data-element_type=\"container\" data-e-type=\"container\">\n\t\t\t\t\t<div class=\"e-con-inner\">\n\t\t\t\t<div class=\"elementor-element elementor-element-d3c420b elementor-widget elementor-widget-text-editor\" data-id=\"d3c420b\" data-element_type=\"widget\" data-e-type=\"widget\" data-widget_type=\"text-editor.default\">\n\t\t\t\t<div class=\"elementor-widget-container\">\n\t\t\t\t\t\t\t\t\t<p>Von unserem technischen B\u00fcro aus stellen wir unseren Kunden ein Team von Architekten, Vermessungsingenieuren, Ingenieuren und Dekorateuren zur Verf\u00fcgung, die nicht nur die Ausf\u00fchrung unserer Arbeit garantieren, sondern Ihnen auch den Service der Beratung, der Studie, des Entwurfs und der Umsetzung Ihres Projekts bieten.<\/p>\n\t\t\t\t\t\t\t\t<\/div>\n\t\t\t\t<\/div>\n\t\t\t\t\t<\/div>\n\t\t\t\t<\/div>\n\t\t\t\t<section class=\"elementor-section elementor-top-section elementor-element elementor-element-2eb3cff elementor-section-content-middle elementor-section-boxed elementor-section-height-default elementor-section-height-default\" data-id=\"2eb3cff\" data-element_type=\"section\" data-e-type=\"section\">\n\t\t\t\t\t\t<div class=\"elementor-container elementor-column-gap-default\">\n\t\t\t\t\t<div class=\"elementor-column elementor-col-50 elementor-top-column elementor-element elementor-element-672bfcc\" data-id=\"672bfcc\" data-element_type=\"column\" data-e-type=\"column\">\n\t\t\t<div class=\"elementor-widget-wrap elementor-element-populated\">\n\t\t\t\t\t\t<div class=\"elementor-element elementor-element-0f9ab18 elementor-widget elementor-widget-image\" data-id=\"0f9ab18\" data-element_type=\"widget\" data-e-type=\"widget\" data-widget_type=\"image.default\">\n\t\t\t\t<div class=\"elementor-widget-container\">\n\t\t\t\t\t\t\t\t\t\t\t\t\t\t\t<img decoding=\"async\" width=\"800\" height=\"311\" src=\"https:\/\/www.grupomedano.com\/wp-content\/uploads\/2020\/05\/Grupo-medano-1024x398.jpg\" class=\"attachment-large size-large wp-image-3192\" alt=\"\" srcset=\"https:\/\/www.grupomedano.com\/wp-content\/uploads\/2020\/05\/Grupo-medano-1024x398.jpg 1024w, https:\/\/www.grupomedano.com\/wp-content\/uploads\/2020\/05\/Grupo-medano-300x117.jpg 300w, https:\/\/www.grupomedano.com\/wp-content\/uploads\/2020\/05\/Grupo-medano-768x299.jpg 768w, https:\/\/www.grupomedano.com\/wp-content\/uploads\/2020\/05\/Grupo-medano-1536x598.jpg 1536w, https:\/\/www.grupomedano.com\/wp-content\/uploads\/2020\/05\/Grupo-medano.jpg 1622w\" sizes=\"(max-width: 800px) 100vw, 800px\" \/>\t\t\t\t\t\t\t\t\t\t\t\t\t\t\t<\/div>\n\t\t\t\t<\/div>\n\t\t\t\t\t<\/div>\n\t\t<\/div>\n\t\t\t\t<div class=\"elementor-column elementor-col-50 elementor-top-column elementor-element elementor-element-5fc2e02\" data-id=\"5fc2e02\" data-element_type=\"column\" data-e-type=\"column\">\n\t\t\t<div class=\"elementor-widget-wrap elementor-element-populated\">\n\t\t\t\t\t\t<div class=\"elementor-element elementor-element-f8096b8 elementor-widget elementor-widget-text-editor\" data-id=\"f8096b8\" data-element_type=\"widget\" data-e-type=\"widget\" data-widget_type=\"text-editor.default\">\n\t\t\t\t<div class=\"elementor-widget-container\">\n\t\t\t\t\t\t\t\t\t<p>Reformen aller Arten von Gesch\u00e4ftsr\u00e4umen, Gesch\u00e4ften, Restaurants usw&#8230; wir verf\u00fcgen \u00fcber ein gro\u00dfes Team von Fachleuten, die neben der Ausf\u00fchrung der Arbeiten unseren Kunden auch die Ausf\u00fchrung aller Arten von Ausbauten, Installationen, Tischlerarbeiten, Malerarbeiten, Hochdekoration und die Herstellung von M\u00f6beln anbieten. <\/p>\n\t\t\t\t\t\t\t\t<\/div>\n\t\t\t\t<\/div>\n\t\t\t\t\t<\/div>\n\t\t<\/div>\n\t\t\t\t\t<\/div>\n\t\t<\/section>\n\t\t\t\t<\/div>\n\t\t","protected":false},"excerpt":{"rendered":"<p>Wer wir sind Mehr als 25 Jahre Erfahrung Wir sind eine Unternehmensgruppe, die sich aus Baufachleuten zusammensetzt, die sich auf die Ausf\u00fchrung aller Arten von architektonischen und innenarchitektonischen Projekten spezialisiert haben und \u00fcber mehr als 25 Jahre Erfahrung in diesem Bereich verf\u00fcgen. Als Bauunternehmen f\u00fchren wir den Bau von neuen H\u00e4usern, den Bau von Geb\u00e4uden, [&hellip;]<\/p>\n","protected":false},"author":1,"featured_media":0,"parent":0,"menu_order":0,"comment_status":"closed","ping_status":"closed","template":"elementor_header_footer","meta":{"_acf_changed":false,"footnotes":""},"class_list":["post-3696","page","type-page","status-publish","hentry"],"acf":[],"yoast_head":"<!-- This site is optimized with the Yoast SEO plugin v27.4 - https:\/\/yoast.com\/product\/yoast-seo-wordpress\/ -->\n<title>Wer wir sind - Grupo M\u00e9dano<\/title>\n<meta name=\"robots\" content=\"index, follow, max-snippet:-1, max-image-preview:large, max-video-preview:-1\" \/>\n<link rel=\"canonical\" href=\"https:\/\/www.grupomedano.com\/de\/wer-wir-sind\/\" \/>\n<meta property=\"og:locale\" content=\"de_DE\" \/>\n<meta property=\"og:type\" content=\"article\" \/>\n<meta property=\"og:title\" content=\"Wer wir sind - Grupo M\u00e9dano\" \/>\n<meta property=\"og:description\" content=\"Wer wir sind Mehr als 25 Jahre Erfahrung Wir sind eine Unternehmensgruppe, die sich aus Baufachleuten zusammensetzt, die sich auf die Ausf\u00fchrung aller Arten von architektonischen und innenarchitektonischen Projekten spezialisiert haben und \u00fcber mehr als 25 Jahre Erfahrung in diesem Bereich verf\u00fcgen. Als Bauunternehmen f\u00fchren wir den Bau von neuen H\u00e4usern, den Bau von Geb\u00e4uden, [&hellip;]\" \/>\n<meta property=\"og:url\" content=\"https:\/\/www.grupomedano.com\/de\/wer-wir-sind\/\" \/>\n<meta property=\"og:site_name\" content=\"Grupo M\u00e9dano\" \/>\n<meta property=\"article:modified_time\" content=\"2024-12-09T16:56:53+00:00\" \/>\n<meta property=\"og:image\" content=\"https:\/\/www.grupomedano.com\/wp-content\/uploads\/2020\/05\/oficina-grupo-medano.jpg\" \/>\n<meta name=\"twitter:card\" content=\"summary_large_image\" \/>\n<meta name=\"twitter:label1\" content=\"Gesch\u00e4tzte Lesezeit\" \/>\n\t<meta name=\"twitter:data1\" content=\"1\u00a0Minute\" \/>\n<script type=\"application\/ld+json\" class=\"yoast-schema-graph\">{\"@context\":\"https:\\\/\\\/schema.org\",\"@graph\":[{\"@type\":\"WebPage\",\"@id\":\"https:\\\/\\\/www.grupomedano.com\\\/de\\\/wer-wir-sind\\\/\",\"url\":\"https:\\\/\\\/www.grupomedano.com\\\/de\\\/wer-wir-sind\\\/\",\"name\":\"Wer wir sind - Grupo M\u00e9dano\",\"isPartOf\":{\"@id\":\"https:\\\/\\\/www.grupomedano.com\\\/de\\\/#website\"},\"primaryImageOfPage\":{\"@id\":\"https:\\\/\\\/www.grupomedano.com\\\/de\\\/wer-wir-sind\\\/#primaryimage\"},\"image\":{\"@id\":\"https:\\\/\\\/www.grupomedano.com\\\/de\\\/wer-wir-sind\\\/#primaryimage\"},\"thumbnailUrl\":\"https:\\\/\\\/www.grupomedano.com\\\/wp-content\\\/uploads\\\/2020\\\/05\\\/oficina-grupo-medano.jpg\",\"datePublished\":\"2020-04-28T10:58:49+00:00\",\"dateModified\":\"2024-12-09T16:56:53+00:00\",\"breadcrumb\":{\"@id\":\"https:\\\/\\\/www.grupomedano.com\\\/de\\\/wer-wir-sind\\\/#breadcrumb\"},\"inLanguage\":\"de\",\"potentialAction\":[{\"@type\":\"ReadAction\",\"target\":[\"https:\\\/\\\/www.grupomedano.com\\\/de\\\/wer-wir-sind\\\/\"]}]},{\"@type\":\"ImageObject\",\"inLanguage\":\"de\",\"@id\":\"https:\\\/\\\/www.grupomedano.com\\\/de\\\/wer-wir-sind\\\/#primaryimage\",\"url\":\"https:\\\/\\\/www.grupomedano.com\\\/wp-content\\\/uploads\\\/2020\\\/05\\\/oficina-grupo-medano.jpg\",\"contentUrl\":\"https:\\\/\\\/www.grupomedano.com\\\/wp-content\\\/uploads\\\/2020\\\/05\\\/oficina-grupo-medano.jpg\"},{\"@type\":\"BreadcrumbList\",\"@id\":\"https:\\\/\\\/www.grupomedano.com\\\/de\\\/wer-wir-sind\\\/#breadcrumb\",\"itemListElement\":[{\"@type\":\"ListItem\",\"position\":1,\"name\":\"Portada\",\"item\":\"https:\\\/\\\/www.grupomedano.com\\\/de\\\/promoter-auf-teneriffa\\\/\"},{\"@type\":\"ListItem\",\"position\":2,\"name\":\"Wer wir sind\"}]},{\"@type\":\"WebSite\",\"@id\":\"https:\\\/\\\/www.grupomedano.com\\\/de\\\/#website\",\"url\":\"https:\\\/\\\/www.grupomedano.com\\\/de\\\/\",\"name\":\"Grupo M\u00e9dano\",\"description\":\"P\u00e1gina web de Grupo M\u00e9dano\",\"publisher\":{\"@id\":\"https:\\\/\\\/www.grupomedano.com\\\/de\\\/#organization\"},\"potentialAction\":[{\"@type\":\"SearchAction\",\"target\":{\"@type\":\"EntryPoint\",\"urlTemplate\":\"https:\\\/\\\/www.grupomedano.com\\\/de\\\/?s={search_term_string}\"},\"query-input\":{\"@type\":\"PropertyValueSpecification\",\"valueRequired\":true,\"valueName\":\"search_term_string\"}}],\"inLanguage\":\"de\"},{\"@type\":\"Organization\",\"@id\":\"https:\\\/\\\/www.grupomedano.com\\\/de\\\/#organization\",\"name\":\"Grupo M\u00e9dano\",\"url\":\"https:\\\/\\\/www.grupomedano.com\\\/de\\\/\",\"logo\":{\"@type\":\"ImageObject\",\"inLanguage\":\"de\",\"@id\":\"https:\\\/\\\/www.grupomedano.com\\\/de\\\/#\\\/schema\\\/logo\\\/image\\\/\",\"url\":\"https:\\\/\\\/www.grupomedano.com\\\/wp-content\\\/uploads\\\/2020\\\/05\\\/grupo-medano-logo.png\",\"contentUrl\":\"https:\\\/\\\/www.grupomedano.com\\\/wp-content\\\/uploads\\\/2020\\\/05\\\/grupo-medano-logo.png\",\"width\":238,\"height\":146,\"caption\":\"Grupo M\u00e9dano\"},\"image\":{\"@id\":\"https:\\\/\\\/www.grupomedano.com\\\/de\\\/#\\\/schema\\\/logo\\\/image\\\/\"}}]}<\/script>\n<!-- \/ Yoast SEO plugin. -->","yoast_head_json":{"title":"Wer wir sind - Grupo M\u00e9dano","robots":{"index":"index","follow":"follow","max-snippet":"max-snippet:-1","max-image-preview":"max-image-preview:large","max-video-preview":"max-video-preview:-1"},"canonical":"https:\/\/www.grupomedano.com\/de\/wer-wir-sind\/","og_locale":"de_DE","og_type":"article","og_title":"Wer wir sind - Grupo M\u00e9dano","og_description":"Wer wir sind Mehr als 25 Jahre Erfahrung Wir sind eine Unternehmensgruppe, die sich aus Baufachleuten zusammensetzt, die sich auf die Ausf\u00fchrung aller Arten von architektonischen und innenarchitektonischen Projekten spezialisiert haben und \u00fcber mehr als 25 Jahre Erfahrung in diesem Bereich verf\u00fcgen. Als Bauunternehmen f\u00fchren wir den Bau von neuen H\u00e4usern, den Bau von Geb\u00e4uden, [&hellip;]","og_url":"https:\/\/www.grupomedano.com\/de\/wer-wir-sind\/","og_site_name":"Grupo M\u00e9dano","article_modified_time":"2024-12-09T16:56:53+00:00","og_image":[{"url":"https:\/\/www.grupomedano.com\/wp-content\/uploads\/2020\/05\/oficina-grupo-medano.jpg","type":"","width":"","height":""}],"twitter_card":"summary_large_image","twitter_misc":{"Gesch\u00e4tzte Lesezeit":"1\u00a0Minute"},"schema":{"@context":"https:\/\/schema.org","@graph":[{"@type":"WebPage","@id":"https:\/\/www.grupomedano.com\/de\/wer-wir-sind\/","url":"https:\/\/www.grupomedano.com\/de\/wer-wir-sind\/","name":"Wer wir sind - Grupo M\u00e9dano","isPartOf":{"@id":"https:\/\/www.grupomedano.com\/de\/#website"},"primaryImageOfPage":{"@id":"https:\/\/www.grupomedano.com\/de\/wer-wir-sind\/#primaryimage"},"image":{"@id":"https:\/\/www.grupomedano.com\/de\/wer-wir-sind\/#primaryimage"},"thumbnailUrl":"https:\/\/www.grupomedano.com\/wp-content\/uploads\/2020\/05\/oficina-grupo-medano.jpg","datePublished":"2020-04-28T10:58:49+00:00","dateModified":"2024-12-09T16:56:53+00:00","breadcrumb":{"@id":"https:\/\/www.grupomedano.com\/de\/wer-wir-sind\/#breadcrumb"},"inLanguage":"de","potentialAction":[{"@type":"ReadAction","target":["https:\/\/www.grupomedano.com\/de\/wer-wir-sind\/"]}]},{"@type":"ImageObject","inLanguage":"de","@id":"https:\/\/www.grupomedano.com\/de\/wer-wir-sind\/#primaryimage","url":"https:\/\/www.grupomedano.com\/wp-content\/uploads\/2020\/05\/oficina-grupo-medano.jpg","contentUrl":"https:\/\/www.grupomedano.com\/wp-content\/uploads\/2020\/05\/oficina-grupo-medano.jpg"},{"@type":"BreadcrumbList","@id":"https:\/\/www.grupomedano.com\/de\/wer-wir-sind\/#breadcrumb","itemListElement":[{"@type":"ListItem","position":1,"name":"Portada","item":"https:\/\/www.grupomedano.com\/de\/promoter-auf-teneriffa\/"},{"@type":"ListItem","position":2,"name":"Wer wir sind"}]},{"@type":"WebSite","@id":"https:\/\/www.grupomedano.com\/de\/#website","url":"https:\/\/www.grupomedano.com\/de\/","name":"Grupo M\u00e9dano","description":"P\u00e1gina web de Grupo M\u00e9dano","publisher":{"@id":"https:\/\/www.grupomedano.com\/de\/#organization"},"potentialAction":[{"@type":"SearchAction","target":{"@type":"EntryPoint","urlTemplate":"https:\/\/www.grupomedano.com\/de\/?s={search_term_string}"},"query-input":{"@type":"PropertyValueSpecification","valueRequired":true,"valueName":"search_term_string"}}],"inLanguage":"de"},{"@type":"Organization","@id":"https:\/\/www.grupomedano.com\/de\/#organization","name":"Grupo M\u00e9dano","url":"https:\/\/www.grupomedano.com\/de\/","logo":{"@type":"ImageObject","inLanguage":"de","@id":"https:\/\/www.grupomedano.com\/de\/#\/schema\/logo\/image\/","url":"https:\/\/www.grupomedano.com\/wp-content\/uploads\/2020\/05\/grupo-medano-logo.png","contentUrl":"https:\/\/www.grupomedano.com\/wp-content\/uploads\/2020\/05\/grupo-medano-logo.png","width":238,"height":146,"caption":"Grupo M\u00e9dano"},"image":{"@id":"https:\/\/www.grupomedano.com\/de\/#\/schema\/logo\/image\/"}}]}},"_links":{"self":[{"href":"https:\/\/www.grupomedano.com\/de\/wp-json\/wp\/v2\/pages\/3696","targetHints":{"allow":["GET"]}}],"collection":[{"href":"https:\/\/www.grupomedano.com\/de\/wp-json\/wp\/v2\/pages"}],"about":[{"href":"https:\/\/www.grupomedano.com\/de\/wp-json\/wp\/v2\/types\/page"}],"author":[{"embeddable":true,"href":"https:\/\/www.grupomedano.com\/de\/wp-json\/wp\/v2\/users\/1"}],"replies":[{"embeddable":true,"href":"https:\/\/www.grupomedano.com\/de\/wp-json\/wp\/v2\/comments?post=3696"}],"version-history":[{"count":2,"href":"https:\/\/www.grupomedano.com\/de\/wp-json\/wp\/v2\/pages\/3696\/revisions"}],"predecessor-version":[{"id":3698,"href":"https:\/\/www.grupomedano.com\/de\/wp-json\/wp\/v2\/pages\/3696\/revisions\/3698"}],"wp:attachment":[{"href":"https:\/\/www.grupomedano.com\/de\/wp-json\/wp\/v2\/media?parent=3696"}],"curies":[{"name":"wp","href":"https:\/\/api.w.org\/{rel}","templated":true}]}}